{"id":3979,"date":"2024-05-13T11:47:52","date_gmt":"2024-05-13T11:47:52","guid":{"rendered":"https:\/\/www.fels.de\/?page_id=3979"},"modified":"2024-05-27T12:32:14","modified_gmt":"2024-05-27T12:32:14","slug":"leistungserklaerungen","status":"publish","type":"page","link":"https:\/\/www.fels.de\/de\/leistungserklaerungen\/","title":{"rendered":"Leistungserkl\u00e4rungen"},"content":{"rendered":"\n<div style=\"height:100px\" aria-hidden=\"true\" class=\"wp-block-spacer\"><\/div>\n\n\n\n<div class=\"wp-block-group is-layout-constrained wp-container-core-group-is-layout-e79a59ec wp-block-group-is-layout-constrained\">\n<div class=\"wp-block-group has-white-color has-orange-background-color has-text-color has-background has-link-color wp-elements-6abee8f626b41fc9f8f7aaf9510b3830 is-layout-constrained wp-container-core-group-is-layout-47709bfc wp-block-group-is-layout-constrained\" style=\"padding-top:1rem;padding-right:2rem;padding-bottom:1rem;padding-left:2rem\">\n<h2 class=\"wp-block-heading\">Leistungserkl\u00e4rungen<\/h2>\n\n\n\n<p>Geben Sie die Kennung beginnend mit &#8222;LE_&#8220; des Produktes in das Feld ein und best\u00e4tigen Sie Ihre Eingabe mit Enter. <\/p>\n\n\n\n<p>Wenn Sie eine g\u00fcltige Kennung eingegeben haben, erscheint ein Button, um die Datei herunterzuladen.<\/p>\n\n\n<div class=\"lazyblock-service-declarations-ZD6Ed7 wp-block-lazyblock-service-declarations\"><div id='fels-service-declarations'><\/div><\/div>\n<\/div>\n\n\n\n<div style=\"height:100px\" aria-hidden=\"true\" class=\"wp-block-spacer\"><\/div>\n","protected":false},"excerpt":{"rendered":"<p>Leistungserkl\u00e4rungen Geben Sie die Kennung beginnend mit &#8222;LE_&#8220; des Produktes in das Feld ein und best\u00e4tigen Sie Ihre Eingabe mit Enter. Wenn Sie eine g\u00fcltige Kennung eingegeben haben, erscheint ein Button, um die Datei herunterzuladen.<\/p>\n","protected":false},"author":1,"featured_media":0,"parent":0,"menu_order":0,"comment_status":"closed","ping_status":"closed","template":"","meta":{"_acf_changed":false,"inline_featured_image":false,"footnotes":""},"class_list":["post-3979","page","type-page","status-publish","hentry"],"acf":[],"yoast_head":"<!-- This site is optimized with the Yoast SEO plugin v27.5 - https:\/\/yoast.com\/product\/yoast-seo-wordpress\/ -->\n<title>Leistungserkl\u00e4rungen - Fels Werke<\/title>\n<meta name=\"robots\" content=\"index, follow, max-snippet:-1, max-image-preview:large, max-video-preview:-1\" \/>\n<link rel=\"canonical\" href=\"https:\/\/www.fels.de\/de\/leistungserklaerungen\/\" \/>\n<meta property=\"og:locale\" content=\"de_DE\" \/>\n<meta property=\"og:type\" content=\"article\" \/>\n<meta property=\"og:title\" content=\"Leistungserkl\u00e4rungen - Fels Werke\" \/>\n<meta property=\"og:description\" content=\"Leistungserkl\u00e4rungen Geben Sie die Kennung beginnend mit &#8222;LE_&#8220; des Produktes in das Feld ein und best\u00e4tigen Sie Ihre Eingabe mit Enter. Wenn Sie eine g\u00fcltige Kennung eingegeben haben, erscheint ein Button, um die Datei herunterzuladen.\" \/>\n<meta property=\"og:url\" content=\"https:\/\/www.fels.de\/de\/leistungserklaerungen\/\" \/>\n<meta property=\"og:site_name\" content=\"Fels Werke\" \/>\n<meta property=\"article:publisher\" content=\"https:\/\/www.facebook.com\/FelsWerkeGmbH\/\" \/>\n<meta property=\"article:modified_time\" content=\"2024-05-27T12:32:14+00:00\" \/>\n<meta name=\"twitter:card\" content=\"summary_large_image\" \/>\n<meta name=\"twitter:label1\" content=\"Gesch\u00e4tzte Lesezeit\" \/>\n\t<meta name=\"twitter:data1\" content=\"1\u00a0Minute\" \/>\n<script type=\"application\/ld+json\" class=\"yoast-schema-graph\">{\"@context\":\"https:\\\/\\\/schema.org\",\"@graph\":[{\"@type\":\"WebPage\",\"@id\":\"https:\\\/\\\/www.fels.de\\\/de\\\/leistungserklaerungen\\\/\",\"url\":\"https:\\\/\\\/www.fels.de\\\/de\\\/leistungserklaerungen\\\/\",\"name\":\"Leistungserkl\u00e4rungen - Fels Werke\",\"isPartOf\":{\"@id\":\"https:\\\/\\\/www.fels.de\\\/de\\\/#website\"},\"datePublished\":\"2024-05-13T11:47:52+00:00\",\"dateModified\":\"2024-05-27T12:32:14+00:00\",\"inLanguage\":\"de\",\"potentialAction\":[{\"@type\":\"ReadAction\",\"target\":[\"https:\\\/\\\/www.fels.de\\\/de\\\/leistungserklaerungen\\\/\"]}]},{\"@type\":\"WebSite\",\"@id\":\"https:\\\/\\\/www.fels.de\\\/de\\\/#website\",\"url\":\"https:\\\/\\\/www.fels.de\\\/de\\\/\",\"name\":\"Fels Werke\",\"description\":\"\",\"publisher\":{\"@id\":\"https:\\\/\\\/www.fels.de\\\/de\\\/#organization\"},\"potentialAction\":[{\"@type\":\"SearchAction\",\"target\":{\"@type\":\"EntryPoint\",\"urlTemplate\":\"https:\\\/\\\/www.fels.de\\\/de\\\/?s={search_term_string}\"},\"query-input\":{\"@type\":\"PropertyValueSpecification\",\"valueRequired\":true,\"valueName\":\"search_term_string\"}}],\"inLanguage\":\"de\"},{\"@type\":\"Organization\",\"@id\":\"https:\\\/\\\/www.fels.de\\\/de\\\/#organization\",\"name\":\"Fels Vertriebs und Service GmbH & Co. KG\",\"url\":\"https:\\\/\\\/www.fels.de\\\/de\\\/\",\"logo\":{\"@type\":\"ImageObject\",\"inLanguage\":\"de\",\"@id\":\"https:\\\/\\\/www.fels.de\\\/de\\\/#\\\/schema\\\/logo\\\/image\\\/\",\"url\":\"https:\\\/\\\/www.fels.de\\\/wp-content\\\/uploads\\\/2023\\\/12\\\/Fels_Logo_de_rgb.svg\",\"contentUrl\":\"https:\\\/\\\/www.fels.de\\\/wp-content\\\/uploads\\\/2023\\\/12\\\/Fels_Logo_de_rgb.svg\",\"width\":\"1024\",\"height\":\"1024\",\"caption\":\"Fels Vertriebs und Service GmbH & Co. KG\"},\"image\":{\"@id\":\"https:\\\/\\\/www.fels.de\\\/de\\\/#\\\/schema\\\/logo\\\/image\\\/\"},\"sameAs\":[\"https:\\\/\\\/www.facebook.com\\\/FelsWerkeGmbH\\\/\",\"https:\\\/\\\/www.xing.com\\\/pages\\\/fels-werkegmbh\",\"https:\\\/\\\/www.youtube.com\\\/channel\\\/UCCMuLAEi1GZRT7B8S7IvHaA\",\"https:\\\/\\\/de.linkedin.com\\\/company\\\/fels-werke-gmbh\"]}]}<\/script>\n<!-- \/ Yoast SEO plugin. -->","yoast_head_json":{"title":"Leistungserkl\u00e4rungen - Fels Werke","robots":{"index":"index","follow":"follow","max-snippet":"max-snippet:-1","max-image-preview":"max-image-preview:large","max-video-preview":"max-video-preview:-1"},"canonical":"https:\/\/www.fels.de\/de\/leistungserklaerungen\/","og_locale":"de_DE","og_type":"article","og_title":"Leistungserkl\u00e4rungen - Fels Werke","og_description":"Leistungserkl\u00e4rungen Geben Sie die Kennung beginnend mit &#8222;LE_&#8220; des Produktes in das Feld ein und best\u00e4tigen Sie Ihre Eingabe mit Enter. Wenn Sie eine g\u00fcltige Kennung eingegeben haben, erscheint ein Button, um die Datei herunterzuladen.","og_url":"https:\/\/www.fels.de\/de\/leistungserklaerungen\/","og_site_name":"Fels Werke","article_publisher":"https:\/\/www.facebook.com\/FelsWerkeGmbH\/","article_modified_time":"2024-05-27T12:32:14+00:00","twitter_card":"summary_large_image","twitter_misc":{"Gesch\u00e4tzte Lesezeit":"1\u00a0Minute"},"schema":{"@context":"https:\/\/schema.org","@graph":[{"@type":"WebPage","@id":"https:\/\/www.fels.de\/de\/leistungserklaerungen\/","url":"https:\/\/www.fels.de\/de\/leistungserklaerungen\/","name":"Leistungserkl\u00e4rungen - Fels Werke","isPartOf":{"@id":"https:\/\/www.fels.de\/de\/#website"},"datePublished":"2024-05-13T11:47:52+00:00","dateModified":"2024-05-27T12:32:14+00:00","inLanguage":"de","potentialAction":[{"@type":"ReadAction","target":["https:\/\/www.fels.de\/de\/leistungserklaerungen\/"]}]},{"@type":"WebSite","@id":"https:\/\/www.fels.de\/de\/#website","url":"https:\/\/www.fels.de\/de\/","name":"Fels Werke","description":"","publisher":{"@id":"https:\/\/www.fels.de\/de\/#organization"},"potentialAction":[{"@type":"SearchAction","target":{"@type":"EntryPoint","urlTemplate":"https:\/\/www.fels.de\/de\/?s={search_term_string}"},"query-input":{"@type":"PropertyValueSpecification","valueRequired":true,"valueName":"search_term_string"}}],"inLanguage":"de"},{"@type":"Organization","@id":"https:\/\/www.fels.de\/de\/#organization","name":"Fels Vertriebs und Service GmbH & Co. KG","url":"https:\/\/www.fels.de\/de\/","logo":{"@type":"ImageObject","inLanguage":"de","@id":"https:\/\/www.fels.de\/de\/#\/schema\/logo\/image\/","url":"https:\/\/www.fels.de\/wp-content\/uploads\/2023\/12\/Fels_Logo_de_rgb.svg","contentUrl":"https:\/\/www.fels.de\/wp-content\/uploads\/2023\/12\/Fels_Logo_de_rgb.svg","width":"1024","height":"1024","caption":"Fels Vertriebs und Service GmbH & Co. KG"},"image":{"@id":"https:\/\/www.fels.de\/de\/#\/schema\/logo\/image\/"},"sameAs":["https:\/\/www.facebook.com\/FelsWerkeGmbH\/","https:\/\/www.xing.com\/pages\/fels-werkegmbh","https:\/\/www.youtube.com\/channel\/UCCMuLAEi1GZRT7B8S7IvHaA","https:\/\/de.linkedin.com\/company\/fels-werke-gmbh"]}]}},"_links":{"self":[{"href":"https:\/\/www.fels.de\/de\/wp-json\/wp\/v2\/pages\/3979","targetHints":{"allow":["GET"]}}],"collection":[{"href":"https:\/\/www.fels.de\/de\/wp-json\/wp\/v2\/pages"}],"about":[{"href":"https:\/\/www.fels.de\/de\/wp-json\/wp\/v2\/types\/page"}],"author":[{"embeddable":true,"href":"https:\/\/www.fels.de\/de\/wp-json\/wp\/v2\/users\/1"}],"replies":[{"embeddable":true,"href":"https:\/\/www.fels.de\/de\/wp-json\/wp\/v2\/comments?post=3979"}],"version-history":[{"count":6,"href":"https:\/\/www.fels.de\/de\/wp-json\/wp\/v2\/pages\/3979\/revisions"}],"predecessor-version":[{"id":3987,"href":"https:\/\/www.fels.de\/de\/wp-json\/wp\/v2\/pages\/3979\/revisions\/3987"}],"wp:attachment":[{"href":"https:\/\/www.fels.de\/de\/wp-json\/wp\/v2\/media?parent=3979"}],"curies":[{"name":"wp","href":"https:\/\/api.w.org\/{rel}","templated":true}]}}